{"id":15,"date":"2025-09-18T19:20:40","date_gmt":"2025-09-18T19:20:40","guid":{"rendered":"https:\/\/doacoes.velasepontos.com\/?page_id=15"},"modified":"2025-09-20T02:38:15","modified_gmt":"2025-09-20T02:38:15","slug":"apoie-o-velas-e-pontos","status":"publish","type":"page","link":"https:\/\/doacoes.velasepontos.com\/","title":{"rendered":"Apoie o Velas e Pontos"},"content":{"rendered":"\t\t<div data-elementor-type=\"wp-page\" data-elementor-id=\"15\" class=\"elementor elementor-15\">\n\t\t\t\t<div class=\"elementor-element elementor-element-8ee8495 e-flex e-con-boxed e-con e-parent\" data-id=\"8ee8495\" data-element_type=\"container\" data-settings=\"{&quot;background_background&quot;:&quot;gradient&quot;,&quot;shape_divider_top&quot;:&quot;clouds&quot;}\">\n\t\t\t\t\t<div class=\"e-con-inner\">\n\t\t\t\t<div class=\"elementor-shape elementor-shape-top\" aria-hidden=\"true\" data-negative=\"false\">\n\t\t\t<svg xmlns=\"http:\/\/www.w3.org\/2000\/svg\" viewBox=\"0 0 283.5 27.8\" preserveAspectRatio=\"xMidYMax slice\">\n  <path class=\"elementor-shape-fill\" d=\"M0 0v6.7c1.9-.8 4.7-1.4 8.5-1 9.5 1.1 11.1 6 11.1 6s2.1-.7 4.3-.2c2.1.5 2.8 2.6 2.8 2.6s.2-.5 1.4-.7c1.2-.2 1.7.2 1.7.2s0-2.1 1.9-2.8c1.9-.7 3.6.7 3.6.7s.7-2.9 3.1-4.1 4.7 0 4.7 0 1.2-.5 2.4 0 1.7 1.4 1.7 1.4h1.4c.7 0 1.2.7 1.2.7s.8-1.8 4-2.2c3.5-.4 5.3 2.4 6.2 4.4.4-.4 1-.7 1.8-.9 2.8-.7 4 .7 4 .7s1.7-5 11.1-6c9.5-1.1 12.3 3.9 12.3 3.9s1.2-4.8 5.7-5.7c4.5-.9 6.8 1.8 6.8 1.8s.6-.6 1.5-.9c.9-.2 1.9-.2 1.9-.2s5.2-6.4 12.6-3.3c7.3 3.1 4.7 9 4.7 9s1.9-.9 4 0 2.8 2.4 2.8 2.4 1.9-1.2 4.5-1.2 4.3 1.2 4.3 1.2.2-1 1.4-1.7 2.1-.7 2.1-.7-.5-3.1 2.1-5.5 5.7-1.4 5.7-1.4 1.5-2.3 4.2-1.1c2.7 1.2 1.7 5.2 1.7 5.2s.3-.1 1.3.5c.5.4.8.8.9 1.1.5-1.4 2.4-5.8 8.4-4 7.1 2.1 3.5 8.9 3.5 8.9s.8-.4 2 0 1.1 1.1 1.1 1.1 1.1-1.1 2.3-1.1 2.1.5 2.1.5 1.9-3.6 6.2-1.2 1.9 6.4 1.9 6.4 2.6-2.4 7.4 0c3.4 1.7 3.9 4.9 3.9 4.9s3.3-6.9 10.4-7.9 11.5 2.6 11.5 2.6.8 0 1.2.2c.4.2.9.9.9.9s4.4-3.1 8.3.2c1.9 1.7 1.5 5 1.5 5s.3-1.1 1.6-1.4c1.3-.3 2.3.2 2.3.2s-.1-1.2.5-1.9 1.9-.9 1.9-.9-4.7-9.3 4.4-13.4c5.6-2.5 9.2.9 9.2.9s5-6.2 15.9-6.2 16.1 8.1 16.1 8.1.7-.2 1.6-.4V0H0z\"\/>\n<\/svg>\n\t\t<\/div>\n\t\t\t\t<div class=\"elementor-element elementor-element-3ed3a67 elementor-widget elementor-widget-image\" data-id=\"3ed3a67\" data-element_type=\"widget\" data-widget_type=\"image.default\">\n\t\t\t\t\t\t\t\t\t\t\t\t\t\t\t<img fetchpriority=\"high\" decoding=\"async\" width=\"300\" height=\"288\" src=\"https:\/\/doacoes.velasepontos.com\/wp-content\/uploads\/2025\/09\/logo-velas-e-pontos-300x288.png\" class=\"attachment-medium size-medium wp-image-26\" alt=\"\" srcset=\"https:\/\/doacoes.velasepontos.com\/wp-content\/uploads\/2025\/09\/logo-velas-e-pontos-300x288.png 300w, https:\/\/doacoes.velasepontos.com\/wp-content\/uploads\/2025\/09\/logo-velas-e-pontos-1024x984.png 1024w, https:\/\/doacoes.velasepontos.com\/wp-content\/uploads\/2025\/09\/logo-velas-e-pontos-768x738.png 768w, https:\/\/doacoes.velasepontos.com\/wp-content\/uploads\/2025\/09\/logo-velas-e-pontos-1536x1477.png 1536w, https:\/\/doacoes.velasepontos.com\/wp-content\/uploads\/2025\/09\/logo-velas-e-pontos-2048x1969.png 2048w\" sizes=\"(max-width: 300px) 100vw, 300px\" \/>\t\t\t\t\t\t\t\t\t\t\t\t\t\t\t<\/div>\n\t\t\t\t\t<\/div>\n\t\t\t\t<\/div>\n\t\t<div class=\"elementor-element elementor-element-8b9ae78 e-flex e-con-boxed e-con e-parent\" data-id=\"8b9ae78\" data-element_type=\"container\" data-settings=\"{&quot;background_background&quot;:&quot;gradient&quot;}\">\n\t\t\t\t\t<div class=\"e-con-inner\">\n\t\t\t\t<div class=\"elementor-element elementor-element-0dff27a elementor-widget-mobile__width-initial elementor-widget elementor-widget-text-editor\" data-id=\"0dff27a\" data-element_type=\"widget\" data-widget_type=\"text-editor.default\">\n\t\t\t\t\t\t\t\t\t<h4 data-start=\"110\" data-end=\"142\">\u2728 Ajude a Manter a Luz Acesa<\/h4><p data-start=\"144\" data-end=\"264\">Com apenas <strong data-start=\"155\" data-end=\"166\">R$ 3,00<\/strong>, voc\u00ea apoia nossa miss\u00e3o de espalhar f\u00e9, sabedoria ancestral e prote\u00e7\u00e3o espiritual todos os dias.<\/p><p data-start=\"266\" data-end=\"290\">Sua contribui\u00e7\u00e3o mant\u00e9m:<\/p><p data-start=\"293\" data-end=\"326\">\ud83d\udd6f\ufe0f Rezas e benzimentos di\u00e1rios<\/p><p data-start=\"329\" data-end=\"371\">\ud83c\udfb6 Pontos cantados e mensagens dos guias<\/p><p data-start=\"374\" data-end=\"427\">\ud83d\udcfd\ufe0f Produ\u00e7\u00e3o dos v\u00eddeos com amor e respeito \u00e0 Umbanda<\/p><p data-start=\"429\" data-end=\"508\">\ud83d\ude4f Doe o valor que sentir no cora\u00e7\u00e3o.<br data-start=\"466\" data-end=\"469\" \/><strong data-start=\"469\" data-end=\"508\">Voc\u00ea \u00e9 parte dessa corrente de luz.<\/strong><\/p>\t\t\t\t\t\t\t\t<\/div>\n\t\t\t\t\t<\/div>\n\t\t\t\t<\/div>\n\t\t<div class=\"elementor-element elementor-element-93f278c e-flex e-con-boxed e-con e-parent\" data-id=\"93f278c\" data-element_type=\"container\" data-settings=\"{&quot;background_background&quot;:&quot;gradient&quot;}\">\n\t\t\t\t\t<div class=\"e-con-inner\">\n\t\t\t\t<div class=\"elementor-element elementor-element-eeb1cff elementor-widget elementor-widget-image\" data-id=\"eeb1cff\" data-element_type=\"widget\" data-widget_type=\"image.default\">\n\t\t\t\t\t\t\t\t\t\t\t\t\t\t\t<img decoding=\"async\" width=\"282\" height=\"300\" src=\"https:\/\/doacoes.velasepontos.com\/wp-content\/uploads\/2025\/09\/Qr-code-282x300.png\" class=\"attachment-medium size-medium wp-image-31\" alt=\"\" srcset=\"https:\/\/doacoes.velasepontos.com\/wp-content\/uploads\/2025\/09\/Qr-code-282x300.png 282w, https:\/\/doacoes.velasepontos.com\/wp-content\/uploads\/2025\/09\/Qr-code-961x1024.png 961w, https:\/\/doacoes.velasepontos.com\/wp-content\/uploads\/2025\/09\/Qr-code-768x818.png 768w, https:\/\/doacoes.velasepontos.com\/wp-content\/uploads\/2025\/09\/Qr-code-1442x1536.png 1442w, https:\/\/doacoes.velasepontos.com\/wp-content\/uploads\/2025\/09\/Qr-code-1922x2048.png 1922w\" sizes=\"(max-width: 282px) 100vw, 282px\" \/>\t\t\t\t\t\t\t\t\t\t\t\t\t\t\t<\/div>\n\t\t\t\t\t<\/div>\n\t\t\t\t<\/div>\n\t\t<div class=\"elementor-element elementor-element-cb0b079 e-grid e-con-boxed e-con e-parent\" data-id=\"cb0b079\" data-element_type=\"container\" data-settings=\"{&quot;background_background&quot;:&quot;gradient&quot;}\">\n\t\t\t\t\t<div class=\"e-con-inner\">\n\t\t\t\t<div class=\"elementor-element elementor-element-0d9370e elementor-widget elementor-widget-heading\" data-id=\"0d9370e\" data-element_type=\"widget\" data-widget_type=\"heading.default\">\n\t\t\t\t\t<h2 class=\"elementor-heading-title elementor-size-default\">\ud83d\udc46Doa\u00e7\u00e3o via QR Code<br>\n\n<br>\nPix Copia e Cola\ud83d\udc47:\n\n\n\n<\/h2>\t\t\t\t<\/div>\n\t\t\t\t<div class=\"elementor-element elementor-element-6370c2b elementor-widget elementor-widget-heading\" data-id=\"6370c2b\" data-element_type=\"widget\" data-widget_type=\"heading.default\">\n\t\t\t\t\t<h4 class=\"elementor-heading-title elementor-size-default\">velasepontos@gmail.com<\/h4>\t\t\t\t<\/div>\n\t\t\t\t<div class=\"elementor-element elementor-element-4f8af08 elementor-widget elementor-widget-spacer\" data-id=\"4f8af08\" data-element_type=\"widget\" data-widget_type=\"spacer.default\">\n\t\t\t\t\t\t\t<div class=\"elementor-spacer\">\n\t\t\t<div class=\"elementor-spacer-inner\"><\/div>\n\t\t<\/div>\n\t\t\t\t\t\t<\/div>\n\t\t\t\t\t<\/div>\n\t\t\t\t<\/div>\n\t\t<div class=\"elementor-element elementor-element-e50d610 e-flex e-con-boxed e-con e-parent\" data-id=\"e50d610\" data-element_type=\"container\" data-settings=\"{&quot;background_background&quot;:&quot;gradient&quot;}\">\n\t\t\t\t\t<div class=\"e-con-inner\">\n\t\t\t\t\t<\/div>\n\t\t\t\t<\/div>\n\t\t<div class=\"elementor-element elementor-element-4f89727 e-flex e-con-boxed e-con e-parent\" data-id=\"4f89727\" data-element_type=\"container\">\n\t\t\t\t\t<div class=\"e-con-inner\">\n\t\t\t\t<div class=\"elementor-element elementor-element-c988eeb elementor-widget elementor-widget-heading\" data-id=\"c988eeb\" data-element_type=\"widget\" data-widget_type=\"heading.default\">\n\t\t\t\t\t<h2 class=\"elementor-heading-title elementor-size-default\">\ud83d\udcab Velas e Pontos \u00ae<\/h2>\t\t\t\t<\/div>\n\t\t\t\t\t<\/div>\n\t\t\t\t<\/div>\n\t\t\t\t<\/div>\n\t\t","protected":false},"excerpt":{"rendered":"<p>\u2728 Ajude a Manter a Luz Acesa Com apenas R$ 3,00, voc\u00ea apoia nossa miss\u00e3o de espalhar f\u00e9, sabedoria ancestral e prote\u00e7\u00e3o espiritual todos os dias. Sua contribui\u00e7\u00e3o mant\u00e9m: \ud83d\udd6f\ufe0f Rezas e benzimentos di\u00e1rios \ud83c\udfb6 Pontos cantados e mensagens dos guias \ud83d\udcfd\ufe0f Produ\u00e7\u00e3o dos v\u00eddeos com amor e respeito \u00e0 Umbanda \ud83d\ude4f Doe o valor [&hellip;]<\/p>\n","protected":false},"author":1,"featured_media":0,"parent":0,"menu_order":0,"comment_status":"closed","ping_status":"closed","template":"elementor_canvas","meta":{"footnotes":""},"class_list":["post-15","page","type-page","status-publish","hentry"],"_links":{"self":[{"href":"https:\/\/doacoes.velasepontos.com\/index.php?rest_route=\/wp\/v2\/pages\/15","targetHints":{"allow":["GET"]}}],"collection":[{"href":"https:\/\/doacoes.velasepontos.com\/index.php?rest_route=\/wp\/v2\/pages"}],"about":[{"href":"https:\/\/doacoes.velasepontos.com\/index.php?rest_route=\/wp\/v2\/types\/page"}],"author":[{"embeddable":true,"href":"https:\/\/doacoes.velasepontos.com\/index.php?rest_route=\/wp\/v2\/users\/1"}],"replies":[{"embeddable":true,"href":"https:\/\/doacoes.velasepontos.com\/index.php?rest_route=%2Fwp%2Fv2%2Fcomments&post=15"}],"version-history":[{"count":103,"href":"https:\/\/doacoes.velasepontos.com\/index.php?rest_route=\/wp\/v2\/pages\/15\/revisions"}],"predecessor-version":[{"id":130,"href":"https:\/\/doacoes.velasepontos.com\/index.php?rest_route=\/wp\/v2\/pages\/15\/revisions\/130"}],"wp:attachment":[{"href":"https:\/\/doacoes.velasepontos.com\/index.php?rest_route=%2Fwp%2Fv2%2Fmedia&parent=15"}],"curies":[{"name":"wp","href":"https:\/\/api.w.org\/{rel}","templated":true}]}}